{"id":125,"date":"2021-07-06T18:21:37","date_gmt":"2021-07-06T18:21:37","guid":{"rendered":"https:\/\/dobrawarutkowska.pl\/?page_id=125"},"modified":"2024-02-11T14:12:58","modified_gmt":"2024-02-11T14:12:58","slug":"portfolio","status":"publish","type":"page","link":"https:\/\/dobrawarutkowska.pl\/index.php\/portfolio\/","title":{"rendered":"PORTFOLIO"},"content":{"rendered":"<h5><\/h5>\r\n<h6 class=\"wp-block-group__inner-container is-layout-flow wp-block-group-is-layout-flow\"><span style=\"color: #808080;\"><a style=\"color: #808080;\" href=\"https:\/\/dobrawarutkowska.pl\/index.php\/gallery-1\/\">portraits\/people<\/a><\/span><\/h6>\r\n<h6 class=\"wp-block-group__inner-container\"><span style=\"color: #808080;\"><a style=\"font-size: 10.72px; color: #808080;\" href=\"https:\/\/dobrawarutkowska.pl\/index.php\/children\/\">children<\/a><\/span><\/h6>\r\n<h6 class=\"wp-block-group__inner-container\"><span style=\"color: #808080;\"><a style=\"color: #808080;\" href=\"https:\/\/dobrawarutkowska.pl\/index.php\/wedding\/\">wedding photography<\/a><\/span><span style=\"color: #808080;\">\r\n\r\n<\/span><\/h6>\r\n<h6 class=\"wp-block-group__inner-container\"><span style=\"color: #808080;\"><a style=\"color: #808080;\" href=\"https:\/\/dobrawarutkowska.pl\/index.php\/street\/\">street photography<\/a><\/span><span style=\"color: #808080;\">\r\n\r\n<\/span><\/h6>\r\n<h5><span style=\"color: #808080;\">\r\n\r\n<\/span><\/h5>\r\n<h6><span style=\"color: #808080;\"><a style=\"color: #808080;\" href=\"https:\/\/dobrawarutkowska.pl\/index.php\/nude\/\">nude<\/a><\/span><\/h6>\r\n<h6><span style=\"color: #808080;\"><a style=\"color: #808080;\" href=\"https:\/\/dobrawarutkowska.pl\/index.php\/bands\/\">bands<\/a><\/span><\/h6>\r\n<h6><span style=\"color: #808080;\"><a style=\"color: #808080;\" href=\"https:\/\/dobrawarutkowska.pl\/index.php\/lodz\/\">\u0141\u00f3d\u017a<\/a><\/span><\/h6>\r\n<h6><span style=\"color: #808080;\"><a style=\"color: #808080;\" href=\"https:\/\/dobrawarutkowska.pl\/index.php\/staircases\/\">staircases<\/a><\/span><\/h6>\r\n<h6><span style=\"color: #808080;\"><a style=\"color: #808080;\" href=\"https:\/\/dobrawarutkowska.pl\/index.php\/gothic\/\">gothic<\/a><\/span><\/h6>\r\n<h6><span style=\"color: #808080;\"><a style=\"color: #808080;\" href=\"https:\/\/dobrawarutkowska.pl\/index.php\/conceptual\/\">conceptual<\/a><\/span><\/h6>\r\n<h6><span style=\"color: #808080;\"><a style=\"color: #808080;\" href=\"https:\/\/dobrawarutkowska.pl\/index.php\/self-portraits\/\">self-portraits<\/a><\/span><\/h6>\r\n<h6><a style=\"color: #808080;\" href=\"https:\/\/dobrawarutkowska.pl\/index.php\/product-photography\/\">product photography<\/a><\/h6>\r\n<h6><span style=\"color: #808080;\"><a style=\"color: #808080;\" href=\"https:\/\/dobrawarutkowska.pl\/index.php\/animals\/\">animals<\/a><\/span><\/h6>\r\n<h5>\r\n\r\n<\/h5>","protected":false},"excerpt":{"rendered":"<p>portraits\/people children wedding photography street photography nude bands \u0141\u00f3d\u017a staircases gothic conceptual self-portraits product photography animals<\/p>\n","protected":false},"author":1,"featured_media":0,"parent":0,"menu_order":0,"comment_status":"closed","ping_status":"closed","template":"","meta":{"ngg_post_thumbnail":0,"footnotes":""},"class_list":["post-125","page","type-page","status-publish","hentry"],"_links":{"self":[{"href":"https:\/\/dobrawarutkowska.pl\/index.php\/wp-json\/wp\/v2\/pages\/125","targetHints":{"allow":["GET"]}}],"collection":[{"href":"https:\/\/dobrawarutkowska.pl\/index.php\/wp-json\/wp\/v2\/pages"}],"about":[{"href":"https:\/\/dobrawarutkowska.pl\/index.php\/wp-json\/wp\/v2\/types\/page"}],"author":[{"embeddable":true,"href":"https:\/\/dobrawarutkowska.pl\/index.php\/wp-json\/wp\/v2\/users\/1"}],"replies":[{"embeddable":true,"href":"https:\/\/dobrawarutkowska.pl\/index.php\/wp-json\/wp\/v2\/comments?post=125"}],"version-history":[{"count":24,"href":"https:\/\/dobrawarutkowska.pl\/index.php\/wp-json\/wp\/v2\/pages\/125\/revisions"}],"predecessor-version":[{"id":550,"href":"https:\/\/dobrawarutkowska.pl\/index.php\/wp-json\/wp\/v2\/pages\/125\/revisions\/550"}],"wp:attachment":[{"href":"https:\/\/dobrawarutkowska.pl\/index.php\/wp-json\/wp\/v2\/media?parent=125"}],"curies":[{"name":"wp","href":"https:\/\/api.w.org\/{rel}","templated":true}]}}