{"id":135,"date":"2021-07-06T18:25:15","date_gmt":"2021-07-06T18:25:15","guid":{"rendered":"https:\/\/dobrawarutkowska.pl\/?page_id=135"},"modified":"2024-02-11T15:41:14","modified_gmt":"2024-02-11T15:41:14","slug":"about","status":"publish","type":"page","link":"https:\/\/dobrawarutkowska.pl\/index.php\/about\/","title":{"rendered":"ABOUT"},"content":{"rendered":"<p><span style=\"color: #000000;\"><span style=\"font-family: Arimo, arial;\"><span style=\"font-size: medium;\">Dobrawa Rutkowska is a self-taught photographer based in \u0141\u00f3d\u017a, Poland. She explores various photographic techniques, among her favourite ones are long exposure and intended lens movement.<\/span><\/span><\/span><\/p>\n<p><span style=\"color: #000000;\"><span style=\"font-family: Arimo, arial;\"><span style=\"font-size: medium;\">Technically, she experiments a lot with analogue and art camera lenses, which help her create unique, unpredictable outcome. Vintage equipment requires way more commitment from the photographer: more concentration and manual focusing. Dust, scratches and fuzziness around the edges are desired, as they make pictures more human and authentic. Dobrawa believes, photographs do not have to be technically sharp and sterile to convey beauty and magic. <\/span><\/span><\/span><\/p>\n<p><span style=\"color: #000000;\"><span style=\"font-family: Arimo, arial;\"><span style=\"font-size: medium;\">Most of the visual effects are created optically in the camera inself rather than in the post-production process. <\/span><\/span><\/span><\/p>\n<p><span style=\"color: #000000;\"><span style=\"font-family: Arimo, arial;\"><span style=\"font-size: medium;\">Dobrawa&#8217;s photographs embrace dark, blurry, nostalgic atmosphere and imprfection. She works predominantly in black and white.<\/span><\/span><\/span><\/p>\n<p>In the years 2012-2022 Dobrawa Rutkowska was a member of The Association of Photographers of \u0141\u00f3d\u017a.<\/p>\n<p>&nbsp;<\/p>\n","protected":false},"excerpt":{"rendered":"<p>Dobrawa Rutkowska is a self-taught photographer based in \u0141\u00f3d\u017a, Poland. She explores various photographic techniques, among her favourite ones are long exposure and intended lens movement. Technically, she experiments a lot with analogue and art camera lenses, which help her create unique, unpredictable outcome. Vintage equipment requires way more commitment from the photographer: more concentration [&hellip;]<\/p>\n","protected":false},"author":1,"featured_media":0,"parent":0,"menu_order":0,"comment_status":"closed","ping_status":"closed","template":"","meta":{"ngg_post_thumbnail":0,"footnotes":""},"class_list":["post-135","page","type-page","status-publish","hentry"],"_links":{"self":[{"href":"https:\/\/dobrawarutkowska.pl\/index.php\/wp-json\/wp\/v2\/pages\/135","targetHints":{"allow":["GET"]}}],"collection":[{"href":"https:\/\/dobrawarutkowska.pl\/index.php\/wp-json\/wp\/v2\/pages"}],"about":[{"href":"https:\/\/dobrawarutkowska.pl\/index.php\/wp-json\/wp\/v2\/types\/page"}],"author":[{"embeddable":true,"href":"https:\/\/dobrawarutkowska.pl\/index.php\/wp-json\/wp\/v2\/users\/1"}],"replies":[{"embeddable":true,"href":"https:\/\/dobrawarutkowska.pl\/index.php\/wp-json\/wp\/v2\/comments?post=135"}],"version-history":[{"count":7,"href":"https:\/\/dobrawarutkowska.pl\/index.php\/wp-json\/wp\/v2\/pages\/135\/revisions"}],"predecessor-version":[{"id":579,"href":"https:\/\/dobrawarutkowska.pl\/index.php\/wp-json\/wp\/v2\/pages\/135\/revisions\/579"}],"wp:attachment":[{"href":"https:\/\/dobrawarutkowska.pl\/index.php\/wp-json\/wp\/v2\/media?parent=135"}],"curies":[{"name":"wp","href":"https:\/\/api.w.org\/{rel}","templated":true}]}}