{"id":293,"date":"2022-01-19T21:31:39","date_gmt":"2022-01-19T21:31:39","guid":{"rendered":"https:\/\/dobrawarutkowska.pl\/?page_id=293"},"modified":"2024-02-11T14:09:56","modified_gmt":"2024-02-11T14:09:56","slug":"lodz","status":"publish","type":"page","link":"https:\/\/dobrawarutkowska.pl\/index.php\/portfolio\/lodz\/","title":{"rendered":"\u0141\u00d3D\u0179"},"content":{"rendered":"ngg_shortcode_0_placeholder\n","protected":false},"excerpt":{"rendered":"","protected":false},"author":1,"featured_media":0,"parent":125,"menu_order":0,"comment_status":"closed","ping_status":"closed","template":"","meta":{"ngg_post_thumbnail":0,"footnotes":""},"class_list":["post-293","page","type-page","status-publish","hentry"],"_links":{"self":[{"href":"https:\/\/dobrawarutkowska.pl\/index.php\/wp-json\/wp\/v2\/pages\/293","targetHints":{"allow":["GET"]}}],"collection":[{"href":"https:\/\/dobrawarutkowska.pl\/index.php\/wp-json\/wp\/v2\/pages"}],"about":[{"href":"https:\/\/dobrawarutkowska.pl\/index.php\/wp-json\/wp\/v2\/types\/page"}],"author":[{"embeddable":true,"href":"https:\/\/dobrawarutkowska.pl\/index.php\/wp-json\/wp\/v2\/users\/1"}],"replies":[{"embeddable":true,"href":"https:\/\/dobrawarutkowska.pl\/index.php\/wp-json\/wp\/v2\/comments?post=293"}],"version-history":[{"count":2,"href":"https:\/\/dobrawarutkowska.pl\/index.php\/wp-json\/wp\/v2\/pages\/293\/revisions"}],"predecessor-version":[{"id":568,"href":"https:\/\/dobrawarutkowska.pl\/index.php\/wp-json\/wp\/v2\/pages\/293\/revisions\/568"}],"up":[{"embeddable":true,"href":"https:\/\/dobrawarutkowska.pl\/index.php\/wp-json\/wp\/v2\/pages\/125"}],"wp:attachment":[{"href":"https:\/\/dobrawarutkowska.pl\/index.php\/wp-json\/wp\/v2\/media?parent=293"}],"curies":[{"name":"wp","href":"https:\/\/api.w.org\/{rel}","templated":true}]}}